{"id":86,"date":"2025-01-13T11:24:54","date_gmt":"2025-01-13T11:24:54","guid":{"rendered":"https:\/\/slingcargo.es\/?page_id=86"},"modified":"2025-01-13T16:40:43","modified_gmt":"2025-01-13T16:40:43","slug":"aviso-legal","status":"publish","type":"page","link":"https:\/\/slingcargo.es\/index.php\/aviso-legal\/","title":{"rendered":"Aviso legal"},"content":{"rendered":"\n<p>AVISO LEGAL \u2013 LEY DE PROTECCI\u00d3N DE DATOS<\/p>\n\n\n\n<p>1. Pol\u00edtica de privacidad<\/p>\n\n\n\n<p>1.1 Aceptaci\u00f3n del usuario.<\/p>\n\n\n\n<p>1.2 Uso correcto del espacio web<\/p>\n\n\n\n<p>1.3 Modificaciones de las condiciones de uso y de los contenidos (nou)<\/p>\n\n\n\n<p>1.4 Propiedad intelectual e industrial<\/p>\n\n\n\n<p>1.5 R\u00e9gimen de responsabilidad<\/p>\n\n\n\n<p>2. Ley de protecci\u00f3n de datos.<\/p>\n\n\n\n<p>2.1. \u00bfQui\u00e9n es el responsable del tratamiento de sus datos personales?<\/p>\n\n\n\n<p>2.2. \u00bfCu\u00e1les son las finalidades para continuar tratando sus datos personales?<\/p>\n\n\n\n<p>2.3. \u00bfCu\u00e1nto tiempo conservaremos sus datos personales?<\/p>\n\n\n\n<p>2.4. \u00bfCu\u00e1l es la legitimaci\u00f3n para el tratamiento de sus datos personales?<\/p>\n\n\n\n<p>2.5. \u00bfA qu\u00e9 destinatarios se comunicar\u00e1n sus datos personales?<\/p>\n\n\n\n<p>2.6. \u00bfCu\u00e1les son sus derechos en relaci\u00f3n con tus datos personales?<\/p>\n\n\n\n<p>2.7. \u00bfCu\u00e1l es la relaci\u00f3n de informaci\u00f3n personal almacenada?<\/p>\n\n\n\n<p>2.8. \u00bfCu\u00e1l es la Pol\u00edtica de almacenamiento de los datos \/disponibilidad \/backups y su ubicaci\u00f3n?<\/p>\n\n\n\n<p>2.9. \u00bfCu\u00e1l es la Pol\u00edtica de privacidad y seguridad de la informaci\u00f3n y su acceso?<\/p>\n\n\n\n<p>2.10. \u00bfCu\u00e1l es la Pol\u00edtica de respuesta ante incidentes de seguridad y an\u00e1lisis de impacto?<\/p>\n\n\n\n<p>2.11. \u00bfCu\u00e1l es la Pol\u00edtica de borrado de informaci\u00f3n ante bajas de usuarios?<\/p>\n\n\n\n<p>2.12. \u00bfQui\u00e9n es nuestro Responsable de Seguridad en materia de Protecci\u00f3n de datos?<\/p>\n\n\n\n<p>3. Legislaci\u00f3n aplicable y competencia Judicial<\/p>\n\n\n\n<p><\/p>\n\n\n\n<p><\/p>\n\n\n\n<p><strong>1. POLITICA DE PRIVACIDAD<\/strong><\/p>\n\n\n\n<p><strong>1.1 ACCEPTACI\u00d3N DEL USUARIO<\/strong><\/p>\n\n\n\n<p>Este documento (a partir de aqu\u00ed llamado \u201cPOL\u00cdTICA DE PRIVACIDAD\u201d) tiene por objetivo regular el uso del espacio web que Slingcargo pone a disposici\u00f3n del p\u00fablico (<a href=\"https:\/\/slingcargo.es\/\">Slingcargo.es<\/a>)<\/p>\n\n\n\n<p>Los derechos de propiedad intelectual de este espacio web, su c\u00f3digo fuente, las bases de datos y los distintos elementos que contiene son propiedad titular de Slingcargo a quien corresponde el ejercicio exclusivo de explotaci\u00f3n de los derechos de la propia web y, en especial, los de reproducci\u00f3n, distribuci\u00f3n, comunicaci\u00f3n p\u00fablica, mantenimiento y transformaci\u00f3n.<\/p>\n\n\n\n<p>La utilizaci\u00f3n del espacio web para un tercero le atribuye la condici\u00f3n de usuario y supone la completa aceptaci\u00f3n de este usuario de todas y cada una de las condiciones que establece esta Pol\u00edtica de privacidad.<\/p>\n\n\n\n<p><strong>1.2 USO CORRECTO DEL ESPACIO WEB<\/strong><\/p>\n\n\n\n<p>El usuario se compromete a utilizar el espacio web, los contenidos y los servicios de acuerdo con la Ley, esta Pol\u00edtica de privacidad, las buenas pr\u00e1cticas y el orden p\u00fablico. De la misma manera, el usuario se obliga a no utilizar el espacio web o los servicios que se presten a trav\u00e9s de \u00e9l con finalidades o efectos il\u00edcitos o contrarios al contenido de esta Pol\u00edtica de privacidad, que lesionen los intereses o derechos de terceros, o que de cualquier forma se pueda da\u00f1ar, inutilizarlo deteriorar el propio espacio web o sus servicios o impedir un uso satisfactorio del espacio web a otros usuarios.<\/p>\n\n\n\n<p>As\u00ed mismo, el usuario se compromete expresamente a no destruir, alterar, inutilizar o, de cualquier otra forma, da\u00f1ar los datos, los programas o los documentos electr\u00f3nicos y otros que se encuentren n el presente espacio web.<\/p>\n\n\n\n<p>El usuario se compromete a no obstaculizar el acceso de otros usuarios al servicio mediante el consumo masivo de los recursos inform\u00e1ticos a trav\u00e9s de los cuales Slingcargo presta el servicio, as\u00ed como no realizar acciones que da\u00f1en, interrumpan o generen errores en los sistemas citados.<\/p>\n\n\n\n<p>El usuario de compromete a no introducir programas, virus, macroinstrucciones, miniaplicaciones, controles de cualquier tipo o cualquier otro dispositivo l\u00f3gico o secuencia de caracteres que cusen o puedan causar cualquier tipo de alteraci\u00f3n en los sistemas inform\u00e1ticos de Slingcargo o de terceros o, en su caso, violar los derechos de la propiedad intelectual o industrial.<\/p>\n\n\n\n<p>El usuario se compromete a no hacer un mal uso de las informaciones, mensajes, gr\u00e1ficos, dibujos, archivos de sonido y\/ o imagen, fotograf\u00edas, programas y, en general, cualquier clase de material accesible a trav\u00e9s del presente espacio web o de los servicios que ofrece.<\/p>\n\n\n\n<p>Slingcargo onsiguientemente, declina igualmente toda responsabilidad derivada de los da\u00f1os y perjuicios que pueda sufrir cualquier visitante de este espacio web en sus recursos tecnol\u00f3gicos (inform\u00e1ticos o telem\u00e1ticos) a consecuencia de la producci\u00f3n de cualquiera de las circunstancias o hechos mencionados al p\u00e1rrafo anterior. Igualmente, Slingcargo no garantiza que el espacio web y el servidor est\u00e9n libres de virus y no se hace responsable de los da\u00f1os causados por el acceso al web o por la imposibilidad de acceder.<\/p>\n\n\n\n<p>Slingcargo no es responsable de la informaci\u00f3n que se puede obtener a trav\u00e9s de enlaces a sistemas externos des de este espacio web.<\/p>\n\n\n\n<p><strong>1.3. MODIFICACIONES DE LAS CONDICIONES DE USO Y DE LOS CONTENIDOS<\/strong><\/p>\n\n\n\n<p>Slingcargo podr\u00e1 en todo momento y sin previo aviso, modificar las presentes Condiciones de Uso, as\u00ed como las condiciones particulares que, en su caso, se incluyan, mediante la publicaci\u00f3n de dichas modificaciones en el portal con el fin de que puedan ser conocidas por los USUARIOS. Igualmente, Slingcargo se reserva el derecho de efectuar sin previo aviso las modificaciones que considere oportunas en su portal, pudiendo cambiar, suprimir o a\u00f1adir tanto los contenidos y servicios que se presten a trav\u00e9s de la misma como forma en la que \u00e9stos aparezcan presentados o localizados en su portal.<\/p>\n\n\n\n<p><strong>1.4 PROPIEDAD INTELECTUAL E INDUSTRIAL<\/strong><\/p>\n\n\n\n<p>Este espacio web y todos sus contenidos, incluidos los textos, los documentos, las fotograf\u00edas, los dibujos, las representaciones gr\u00e1ficas, las bases de datos, los programas inform\u00e1ticos, as\u00ed como los logotipos, las marcas, los nombres comerciales y otros signos distintivos son propiedad de Slingcargo o de terceros que le han autorizado para su uso.<\/p>\n\n\n\n<p>Todos los derechos est\u00e1n reservados.<\/p>\n\n\n\n<p><strong>1.5 R\u00c9GIMEN DE RESPONSABILIDAD<\/strong><\/p>\n\n\n\n<p>Responsabilidad de Slingcargo para la utilizaci\u00f3n del web<\/p>\n\n\n\n<p>El usuario es el \u00fanico responsable de las infracciones en que pueda incurrir y de los perjuicios que pueda causar o causarse para la utilizaci\u00f3n del presente espacio web por su parte Slingcargo esta exonerada de cualquier responsabilidad que se pudiese derivar por las acciones del usuario.<\/p>\n\n\n\n<p>El usuario ser\u00e1 el \u00fanico responsable para cualquier reclamaci\u00f3n o acci\u00f3n legal, judicial o extrajudicial iniciada por terceras personas contra Slingcargo basada en la utilizaci\u00f3n del espacio web por el usuario. Si es el caso, el usuario asumir\u00e1 todos los gastos, los costes y las indemnizaciones que se reclamen a Slingcargo &nbsp;on motivo de reclamaciones o de acciones legales que le sean atribuidas.<\/p>\n\n\n\n<p>A.Responsabilidad de Slingcargo por el funcionamiento del web<\/p>\n\n\n\n<p>Slingcargo excluye cualquier responsabilidad que se pudiese derivar por transferencias, omisiones, interrupciones, intromisiones indeseables, deficiencias de telecomunicaciones, virus inform\u00e1ticos, aver\u00edas telef\u00f3nicas o desconexiones en el funcionamiento operativo del sistema electr\u00f3nico, motivados por causas alienas a Slingcargo.<\/p>\n\n\n\n<p>B. Responsabilidad de Slingcargo por enlaces des del web<\/p>\n\n\n\n<p>Slingcargo declina toda responsabilidad respecto de la informaci\u00f3n (contenidos) o ricos (perjuicios t\u00e9cnicos, morales o econ\u00f3micos) que haya fuera del espacio web y al que se pueda acceder por link desde \u00e9sta; ya que la funci\u00f3n de los enlaces que aparecen es \u00fanicamente de informar sobre un tema concreto.<\/p>\n\n\n\n<p><strong>2. LEY DE PROTECCI\u00d3N DE DATOS<\/strong><\/p>\n\n\n\n<p>COMPROMISO DE PROTECCI\u00d3N DE DATOS Y DE CUMPLIMIENTO DE LA LSSICE<\/p>\n\n\n\n<p>En complimiento de la Ley org\u00e1nica DE Protecci\u00f3n de Datos de car\u00e1cter personal LOPD, Slingcargo informa a los usuarios que los datos de car\u00e1cter personal que proporcionen al emplear los formularios o requerimientos de contrato se recoger\u00e1n en ficheros propiedad de Slingcargo y ser\u00e1n tratados con l finalidad de poder prestar e informar sobre los servicios o sobre los productos que Slingcargo ofrece. No est\u00e1 prevista la cesi\u00f3n ni comunicaci\u00f3n de los citados datos a terceros. El hecho de rellenar un formulario de este espacio web implica que el usuario reconoce que la informaci\u00f3n y los datos personales que nos indica son suyos, exactos i ciertos.<\/p>\n\n\n\n<p>El usuario registrado conserva en todo momento la posibilidad de ejercitar sus derechos de acceso, rectificaci\u00f3n, oposici\u00f3n, supresi\u00f3n, tratamiento limitado, portabilidad u oposici\u00f3n al tratamiento de sus datos.<\/p>\n\n\n\n<p>De forma concreta, se informa puntualmente que:<\/p>\n\n\n\n<p><strong>2.1. \u00bfQui\u00e9n es el responsable del tratamiento de sus datos personales?<\/strong><\/p>\n\n\n\n<p>Responsable del tratamiento: Slingcargo<\/p>\n\n\n\n<p>Correo electr\u00f3nico: info@slingcargo.es<\/p>\n\n\n\n<p><strong>2.2. \u00bfCu\u00e1les son las finalidades para continuar tratando sus datos personales?<\/strong><\/p>\n\n\n\n<p>Tratamos los datos personales de nuestros contactos, clientes y proveedores con la finalidad de gestionar la relaci\u00f3n comercial con nuestra organizaci\u00f3n y, en especial, los aspectos contractuales, el env\u00edo de informaci\u00f3n de nuestra organizaci\u00f3n y del sector, de la organizaci\u00f3n de actividades, campa\u00f1as o eventos y el env\u00edo de comunicaciones informativas y comerciales (incluyendo la via electr\u00f3nica).<\/p>\n\n\n\n<p><strong>2.3. \u00bfCu\u00e1nto tiempo conservaremos sus datos personales?<\/strong><\/p>\n\n\n\n<p>Los datos personales se conservar\u00e1n durante el plazo de seis (6) a\u00f1os, de conformidad con la normativa contable vigente y, si procede, durante diez (10) a\u00f1os seg\u00fan la normativa de prevenci\u00f3n de blanqueo de capitales.<\/p>\n\n\n\n<p>En cualquier caso, Slingcargo &nbsp;onservar\u00e1 sus datos personales mientras sean necesarios para la prestaci\u00f3n contractual de nuestra relaci\u00f3n, a menos que nos solicite su supresi\u00f3n. Asimismo, las conservar\u00e1 durante el periodo de tiempo necesario para dar cumplimiento a las obligaciones legales que en cada caso correspondan de acuerdo a la tipolog\u00eda de los datos.<\/p>\n\n\n\n<p><strong>2.4. \u00bfCu\u00e1l es la legitimaci\u00f3n para el tratamiento de sus datos personales?<\/strong><\/p>\n\n\n\n<p>La base leg\u00edtima para el tratamiento de datos personales es el inter\u00e9s mutuo y el consentimiento del usuario.<\/p>\n\n\n\n<p><strong>2.5. \u00bfA qu\u00e9 destinatarios se comunicar\u00e1n sus datos personales?<\/strong><\/p>\n\n\n\n<p>Los datos \u00fanicamente podr\u00e1n comunicarse a organizaciones del propio grupo o terceras vinculadas con Slingcargo en el \u00e1mbito de la gesti\u00f3n de sus productos y\/o servicios para las mismas finalidades referidas anteriormente, as\u00ed como a las Administraciones P\u00fablicas competentes, cuando as\u00ed lo exija la normativa vigente.<\/p>\n\n\n\n<p>Los empleados de Slingcargo que tienen derechos de acceso autorizado de acuerdo a la estructura de seguridad interna de Slingcargo pueden acceder a sus datos personales con los objetivos y finalidades descritas en esta Pol\u00edtica de Privacidad. Todos los empleados de Slingcargo han sido formados e informados de sus responsabilidades al respecto y firman el acuerdo de confidencialidad correspondiente. Igualmente, pueden acceder a sus datos, organizaciones terceras cuya intervenci\u00f3n sea requerida y\/o necesaria para la gesti\u00f3n adecuada de la prestaci\u00f3n del servicio.<\/p>\n\n\n\n<p>Slingcargo ha establecido contratos o acuerdos contractuales y medidas de seguridad con terceros, para garantizar el adecuado nivel de seguridad y de protecci\u00f3n de los datos personales a lo largo de la cadena relacionada.<\/p>\n\n\n\n<p><strong>2.6. \u00bfCu\u00e1les son sus derechos en relaci\u00f3n con tus datos personales?<\/strong><\/p>\n\n\n\n<p>Puede solicitar el acceso, rectificaci\u00f3n, supresi\u00f3n, limitaci\u00f3n al tratamiento, portabilidad y oposici\u00f3n al tratamiento de sus datos personales en cualquier momento.<\/p>\n\n\n\n<p>Podr\u00e1 revocar el consentimiento al env\u00edo de comunicaciones comerciales y ejercer los derechos referidos anteriormente, mediante el env\u00edo de un correo electr\u00f3nico a info@slingcargo.es acompa\u00f1ado de la acreditaci\u00f3n documental de su identidad. Con la excepci\u00f3n que ya nos lo haya indicado con anterioridad mediante la opci\u00f3n de darse de baja que se encuentra al pie de los env\u00edos electr\u00f3nicos, en cuyo caso, ya disponemos de tal informaci\u00f3n.<\/p>\n\n\n\n<p>Si no obtiene una respuesta satisfactoria y desea formular una reclamaci\u00f3n u obtener m\u00e1s informaci\u00f3n al respecto de cualquiera de esos derechos, puede dirigirse a la Agencia Espa\u00f1ola de Protecci\u00f3n de Datos (www.agpd.es).<\/p>\n\n\n\n<p><strong>2.7. \u00bfCu\u00e1l es la relaci\u00f3n de informaci\u00f3n personal almacenada?<\/strong><\/p>\n\n\n\n<p>Se guardan los datos b\u00e1sicos de identificaci\u00f3n y relaci\u00f3n para el env\u00edo de presupuestos, informaci\u00f3n t\u00e9cnica y comercial, informaci\u00f3n de eventos, creaci\u00f3n de facturas, como por ejemplo nombre, domicilio de env\u00edo, NIF\/CIF, n\u00famero de cuenta bancaria, si el cliente desea domiciliaci\u00f3n bancaria.<\/p>\n\n\n\n<p><strong>2.8. \u00bfCu\u00e1l es la Pol\u00edtica de almacenamiento de los datos \/disponibilidad \/backups y su ubicaci\u00f3n?<\/strong><\/p>\n\n\n\n<p>No se elimina informaci\u00f3n, a menos que sea solicitada supresi\u00f3n por parte del usuario y que esta supresi\u00f3n proceda (ver punto 3). Siempre est\u00e1 disponible, aunque puede estar bloqueada para env\u00edos informativos de marketing \/ comercial, si ejercitados los derechos de supresi\u00f3n, limitaci\u00f3n al tratamiento u oposici\u00f3n por parte del usuario.<\/p>\n\n\n\n<p>Se realizan copias de seguridad de los servidores que contienen datos, debidamente controladas y custodiadas.<\/p>\n\n\n\n<p><strong>2.9. \u00bfCu\u00e1l es la Pol\u00edtica de privacidad y seguridad de la informaci\u00f3n y su acceso?<\/strong><\/p>\n\n\n\n<p>El acceso a la base de datos est\u00e1 protegido mediante usuario y contrase\u00f1a, adem\u00e1s de otros protocolos de seguridad de acuerdo a la tipolog\u00eda de los datos.<\/p>\n\n\n\n<p>En el caso de acceso remoto, este se realiza mediante conexi\u00f3n VPN protocolo SSL<\/p>\n\n\n\n<p><strong>2.10. \u00bfCu\u00e1l es la Pol\u00edtica de respuesta ante incidentes de seguridad y an\u00e1lisis de impacto?<\/strong><\/p>\n\n\n\n<p>Slingcargo ha adoptado medidas de protecci\u00f3n t\u00e9cnica y organizativa apropiadas y estas medidas se han aplicado a los datos personales afectados por la potencial violaci\u00f3n de la seguridad de los datos personales. No hay acceso a datos de los clientes \/ proveedores \/ usuarios para personas que no est\u00e9n autorizadas a acceder a ellos.<\/p>\n\n\n\n<p>Slingcargo ha llevado a cabo y mantiene actualizado un An\u00e1lisis de riesgos de la vulnerabilidad de los datos personales y su impacto sobre la seguridad de la intimidad de los clientes \/ proveedores \/ usuarios.<\/p>\n\n\n\n<p><strong>2.11. \u00bfCu\u00e1l es la Pol\u00edtica de borrado de informaci\u00f3n ante bajas de usuarios?<\/strong><\/p>\n\n\n\n<p>Slingcargo desactiva las cuentas de los clientes \/ proveedores \/ usuarios que deciden darse de baja y que hayan ejercido su derecho a la supresi\u00f3n. En este caso, los datos del cliente \/ proveedor \/ usuario quedar\u00e1n bloqueados y mantenidos por el tiempo requerido por normativa, exclusivamente para dar cuenta de las obligaciones legales que justifiquen la relaci\u00f3n pasada entre las partes.<\/p>\n\n\n\n<p><strong>2.12. \u00bfQui\u00e9n es nuestro Responsable de Seguridad en materia de Protecci\u00f3n de datos?<\/strong><\/p>\n\n\n\n<p>Slingcargo no tiene obligatoriedad legal de designar un DPD (Delegado de Protecci\u00f3n de datos), de acuerdo con la legislaci\u00f3n vigente.<\/p>\n\n\n\n<p>Independientemente de ello, Slingcargo ha designado a una persona Responsable de Seguridad de los datos, a fin de velar por el correcto funcionamiento de esta Pol\u00edtica de Privacidad y de asegurar que se preservan sus requisitos en relaci\u00f3n con los datos personales de usuarios internos y externos a la organizaci\u00f3n. Puede contactar con nuestro Responsable de Seguridad de datos en info@slingcargo.es<\/p>\n\n\n\n<p>En caso de que Slingcargo identifique una violaci\u00f3n de seguridad de datos personales, los usuarios ser\u00e1n notificados a la mayor brevedad posible en relaci\u00f3n con la misma y, en caso de que fuese de riesgo importante, se notificar\u00eda igualmente a la autoridad competente.<\/p>\n\n\n\n<p>As\u00ed mismo, y de conformidad con la Ley 34\/ 2002, d\u20191 de julio, de servicios de la sociedad de la informaci\u00f3n y comercio electr\u00f3nico, puede revocar en cualquier momento el consentimiento prestado a la recepci\u00f3n de comunicaciones comerciales. En caso de duda, as\u00ed como por ejercitar los derechos mencionados, puede dirigirse a Slingcargo mediante correo electr\u00f3nico a info@slingcargo.es o correo postal a: Direcci\u00f3n: Slingcargo en Calle Valle Pineta n\u00ba4 nave C-D \u00b7 22400 &#8211; Monz\u00f3n (Huesca) Espa\u00f1a.<\/p>\n\n\n\n<p><strong>3. LEGISLACI\u00d3N APLICABLE Y COMPETENCIA JUDICIAL<\/strong><\/p>\n\n\n\n<p>Cualquier controversia surgida en la interpretaci\u00f3n o la ejecuci\u00f3n de esta Pol\u00edtica de privacidad se interpretar\u00e1 a partir de la legislaci\u00f3n espa\u00f1ola. As\u00ed mismo, Slingcargo a trav\u00e9s de su representaci\u00f3n legal i el usuario, renuncian a cualquier otra jurisdicci\u00f3n y se someten a la de los juzgados y tribunales del domicilio del usuario para cualquier controversia que pudiese suceder. El caso que le usuario tenga su domicilio fuera de Espa\u00f1a Slingcargo y el usuario se someten a los juzgados y tribunales de la ciudad de Barcelona.<\/p>\n","protected":false},"excerpt":{"rendered":"<p>AVISO LEGAL \u2013 LEY DE PROTECCI\u00d3N DE DATOS 1. Pol\u00edtica de privacidad 1.1 Aceptaci\u00f3n del usuario. 1.2 Uso correcto del espacio web 1.3 Modificaciones de las condiciones de uso y de los contenidos (nou) 1.4 Propiedad intelectual e industrial 1.5 R\u00e9gimen de responsabilidad 2. Ley de protecci\u00f3n de datos. 2.1. \u00bfQui\u00e9n es el responsable del &hellip; <\/p>\n<p class=\"link-more\"><a href=\"https:\/\/slingcargo.es\/index.php\/aviso-legal\/\" class=\"more-link\">Read more<span class=\"screen-reader-text\"> &#8220;Aviso legal&#8221;<\/span><\/a><\/p>\n","protected":false},"author":1,"featured_media":0,"parent":0,"menu_order":0,"comment_status":"closed","ping_status":"closed","template":"","meta":[],"_links":{"self":[{"href":"https:\/\/slingcargo.es\/index.php\/wp-json\/wp\/v2\/pages\/86"}],"collection":[{"href":"https:\/\/slingcargo.es\/index.php\/wp-json\/wp\/v2\/pages"}],"about":[{"href":"https:\/\/slingcargo.es\/index.php\/wp-json\/wp\/v2\/types\/page"}],"author":[{"embeddable":true,"href":"https:\/\/slingcargo.es\/index.php\/wp-json\/wp\/v2\/users\/1"}],"replies":[{"embeddable":true,"href":"https:\/\/slingcargo.es\/index.php\/wp-json\/wp\/v2\/comments?post=86"}],"version-history":[{"count":9,"href":"https:\/\/slingcargo.es\/index.php\/wp-json\/wp\/v2\/pages\/86\/revisions"}],"predecessor-version":[{"id":104,"href":"https:\/\/slingcargo.es\/index.php\/wp-json\/wp\/v2\/pages\/86\/revisions\/104"}],"wp:attachment":[{"href":"https:\/\/slingcargo.es\/index.php\/wp-json\/wp\/v2\/media?parent=86"}],"curies":[{"name":"wp","href":"https:\/\/api.w.org\/{rel}","templated":true}]}}